{"id":881,"date":"2022-01-25T21:28:57","date_gmt":"2022-01-26T02:28:57","guid":{"rendered":"https:\/\/brigittelevesque.com\/?page_id=881"},"modified":"2022-12-26T09:31:11","modified_gmt":"2022-12-26T14:31:11","slug":"user","status":"publish","type":"page","link":"https:\/\/brigittelevesque.com\/en\/user\/","title":{"rendered":"Utilisateur"},"content":{"rendered":"<div class=\"um um-profile um-879 um-role-\">\n\t<div class=\"um-form\" data-mode=\"profile\" data-form_id=\"879\">\n\t\t\t<div class=\"um-cover\"\n\t\tdata-user_id=\"0\" data-ratio=\"2.7:1\">\n\t\t\n\t\t\t<div class=\"um-dropdown\" data-element=\"div.um-cover\" data-position=\"bc\" data-trigger=\"click\">\n\t\t\t\t<div class=\"um-dropdown-b\">\n\t\t\t\t\t<div class=\"um-dropdown-arr\"><i class=\"\"><\/i><\/div>\n\t\t\t\t\t<ul>\n\t\t\t\t\t\t\t\t\t\t\t\t\t<li><a href=\"javascript:void(0);\" class=\"um-manual-trigger\" data-parent=\".um-cover\" data-child=\".um-btn-auto-width\">Upload a cover photo<\/a><\/li>\n\t\t\t\t\t\t\t\t\t\t\t\t\t<li><a href=\"javascript:void(0);\" class=\"um-dropdown-hide\">Cancel<\/a><\/li>\n\t\t\t\t\t\t\t\t\t\t\t<\/ul>\n\t\t\t\t<\/div>\n\t\t\t<\/div>\n\n\t\t\t<div style=\"display: none !important;\"><div  id=\"um_field_879_cover_photo\" class=\"um-field um-field-image  um-field-cover_photo um-field-image um-field-type_image\" data-key=\"cover_photo\" data-mode=\"\" data-upload-label=\"Upload\"><input type=\"hidden\" name=\"cover_photo\" id=\"cover_photo\" value=\"\"  aria-invalid=\"false\" \/><div class=\"um-field-label\"><label for=\"cover_photo\">Change your cover photo<\/label><div class=\"um-clear\"><\/div><\/div><div class=\"um-field-area\" style=\"text-align: center;\"><div class=\"um-single-image-preview crop\" data-crop=\"cover\" data-key=\"cover_photo\"><a href=\"javascript:void(0);\" class=\"cancel\"><i class=\"um-icon-close\"><\/i><\/a><img decoding=\"async\" class=\"fusion-lazyload-ignore\" src=\"\" alt=\"\" \/><div class=\"um-clear\"><\/div><\/div><a href=\"javascript:void(0);\" data-modal=\"um_upload_single\" data-modal-size=\"large\" data-modal-copy=\"1\" class=\"um-button um-btn-auto-width\">Upload<\/a><\/div><div class=\"um-modal-hidden-content\"><div class=\"um-modal-header\"> Change your cover photo<\/div><div class=\"um-modal-body\"><div class=\"um-single-image-preview crop\"  data-crop=\"cover\" data-ratio=\"2.7\" data-min_width=\"1000\" data-min_height=\"\" data-coord=\"\"><a href=\"javascript:void(0);\" class=\"cancel\"><i class=\"um-icon-close\"><\/i><\/a><img decoding=\"async\" class=\"fusion-lazyload-ignore\" src=\"\" alt=\"\" \/><div class=\"um-clear\"><\/div><\/div><div class=\"um-clear\"><\/div><div class=\"um-single-image-upload\" data-user_id=\"\" data-nonce=\"f615199889\" data-timestamp=\"1777625137\"  data-set_id=\"879\" data-set_mode=\"\" data-type=\"image\" data-key=\"cover_photo\" data-max_size=\"999999999\" data-max_size_error=\"This image is too large!\" data-min_size_error=\"This image is too small!\" data-extension_error=\"Sorry this is not a valid image.\" data-allowed_types=\"gif,jpg,jpeg,png,webp\" data-accept=\"image\/gif,image\/jpeg,image\/jpeg,image\/png,image\/webp\" data-upload_text=\"Upload profile cover here&lt;small class=&quot;um-max-filesize&quot;&gt;( max: &lt;span&gt;953.7MB&lt;\/span&gt; )&lt;\/small&gt;\" data-max_files_error=\"You can only upload one image\" data-upload_help_text=\"\">Upload<\/div><div class=\"um-modal-footer\">\n\t\t\t\t\t\t\t\t\t<div class=\"um-modal-right\">\n\t\t\t\t\t\t\t\t\t\t<a href=\"javascript:void(0);\" class=\"um-modal-btn um-finish-upload image disabled\" data-key=\"cover_photo\" data-change=\"Change photo\" data-processing=\"Processing...\">Apply<\/a>\n\t\t\t\t\t\t\t\t\t\t<a href=\"javascript:void(0);\" class=\"um-modal-btn alt\" data-action=\"um_remove_modal\"> Cancel<\/a>\n\t\t\t\t\t\t\t\t\t<\/div>\n\t\t\t\t\t\t\t\t\t<div class=\"um-clear\"><\/div>\n\t\t\t\t\t\t\t\t<\/div><\/div><\/div><\/div><\/div>\t\t<div class=\"um-cover-e\" data-ratio=\"2.7:1\">\n\t\t\t\t\t\t\t<a href=\"javascript:void(0);\" class=\"um-cover-add\"><span class=\"um-cover-add-i\"><i\n\t\t\t\t\tclass=\"um-icon-plus um-tip-n\"\n\t\t\t\t\ttitle=\"Upload a cover photo\"><\/i><\/span><\/a>\n\t\t\t\t\t\t<\/div>\n\t\t\t<\/div>\n\t\n\t<div class=\"um-header\">\n\n\t\t\n\t\t<div class=\"um-profile-photo\" data-user_id=\"0\"  aria-invalid=\"false\" >\n\n\t\t\t<a href=\"\" class=\"um-profile-photo-img\" title=\"\">\n\t\t\t\t<span class=\"um-profile-photo-overlay\">\n\t\t\t<span class=\"um-profile-photo-overlay-s\">\n\t\t\t\t<ins>\n\t\t\t\t\t<i class=\"um-faicon-camera\"><\/i>\n\t\t\t\t<\/ins>\n\t\t\t<\/span>\n\t\t<\/span><img alt='' src='https:\/\/secure.gravatar.com\/avatar\/?s=190&#038;d=mm&#038;r=g' srcset='https:\/\/secure.gravatar.com\/avatar\/?s=380&#038;d=mm&#038;r=g 2x' class='avatar avatar-190 photo avatar-default' height='190' width='190' \/>\t\t\t<\/a>\n\n\t\t\t<div style=\"display: none !important;\"><div  id=\"um_field_879_profile_photo\" class=\"um-field um-field-image  um-field-profile_photo um-field-image um-field-type_image\" data-key=\"profile_photo\" data-mode=\"\" data-upload-label=\"Upload\"><input type=\"hidden\" name=\"profile_photo\" id=\"profile_photo\" value=\"\"  aria-invalid=\"false\" \/><div class=\"um-field-label\"><label for=\"profile_photo\">Change your profile photo<\/label><div class=\"um-clear\"><\/div><\/div><div class=\"um-field-area\" style=\"text-align: center;\"><div class=\"um-single-image-preview crop\" data-crop=\"square\" data-key=\"profile_photo\"><a href=\"javascript:void(0);\" class=\"cancel\"><i class=\"um-icon-close\"><\/i><\/a><img decoding=\"async\" class=\"fusion-lazyload-ignore\" src=\"\" alt=\"\" \/><div class=\"um-clear\"><\/div><\/div><a href=\"javascript:void(0);\" data-modal=\"um_upload_single\" data-modal-size=\"normal\" data-modal-copy=\"1\" class=\"um-button um-btn-auto-width\">Upload<\/a><\/div><div class=\"um-modal-hidden-content\"><div class=\"um-modal-header\"> Change your profile photo<\/div><div class=\"um-modal-body\"><div class=\"um-single-image-preview crop\"  data-crop=\"square\" data-ratio=\"1\" data-min_width=\"190\" data-min_height=\"190\" data-coord=\"\"><a href=\"javascript:void(0);\" class=\"cancel\"><i class=\"um-icon-close\"><\/i><\/a><img decoding=\"async\" class=\"fusion-lazyload-ignore\" src=\"\" alt=\"\" \/><div class=\"um-clear\"><\/div><\/div><div class=\"um-clear\"><\/div><div class=\"um-single-image-upload\" data-user_id=\"\" data-nonce=\"f615199889\" data-timestamp=\"1777625137\"  data-set_id=\"879\" data-set_mode=\"\" data-type=\"image\" data-key=\"profile_photo\" data-max_size=\"999999999\" data-max_size_error=\"This image is too large!\" data-min_size_error=\"This image is too small!\" data-extension_error=\"Sorry this is not a valid image.\" data-allowed_types=\"gif,jpg,jpeg,png,webp\" data-accept=\"image\/gif,image\/jpeg,image\/jpeg,image\/png,image\/webp\" data-upload_text=\"Upload your photo here&lt;small class=&quot;um-max-filesize&quot;&gt;( max: &lt;span&gt;953.7MB&lt;\/span&gt; )&lt;\/small&gt;\" data-max_files_error=\"You can only upload one image\" data-upload_help_text=\"\">Upload<\/div><div class=\"um-modal-footer\">\n\t\t\t\t\t\t\t\t\t<div class=\"um-modal-right\">\n\t\t\t\t\t\t\t\t\t\t<a href=\"javascript:void(0);\" class=\"um-modal-btn um-finish-upload image disabled\" data-key=\"profile_photo\" data-change=\"Change photo\" data-processing=\"Processing...\">Apply<\/a>\n\t\t\t\t\t\t\t\t\t\t<a href=\"javascript:void(0);\" class=\"um-modal-btn alt\" data-action=\"um_remove_modal\"> Cancel<\/a>\n\t\t\t\t\t\t\t\t\t<\/div>\n\t\t\t\t\t\t\t\t\t<div class=\"um-clear\"><\/div>\n\t\t\t\t\t\t\t\t<\/div><\/div><\/div><\/div><\/div>\n\t\t\t<div class=\"um-dropdown\" data-element=\"div.um-profile-photo\" data-position=\"bc\" data-trigger=\"click\">\n\t\t\t\t<div class=\"um-dropdown-b\">\n\t\t\t\t\t<div class=\"um-dropdown-arr\"><i class=\"\"><\/i><\/div>\n\t\t\t\t\t<ul>\n\t\t\t\t\t\t\t\t\t\t\t\t\t<li><a href=\"javascript:void(0);\" class=\"um-manual-trigger\" data-parent=\".um-profile-photo\" data-child=\".um-btn-auto-width\" data-alt_text=\"Change photo\">Upload photo<\/a><\/li>\n\t\t\t\t\t\t\t\t\t\t\t\t\t<li><a href=\"javascript:void(0);\" class=\"um-reset-profile-photo\" data-user_id=\"0\" data-default_src=\"https:\/\/brigittelevesque.com\/wp-content\/plugins\/ultimate-member\/assets\/img\/default_avatar.jpg\" style=\"display:none;\">Remove photo<\/a><\/li>\n\t\t\t\t\t\t\t\t\t\t\t\t\t<li><a href=\"javascript:void(0);\" class=\"um-dropdown-hide\">Cancel<\/a><\/li>\n\t\t\t\t\t\t\t\t\t\t\t<\/ul>\n\t\t\t\t<\/div>\n\t\t\t<\/div>\n\n\t\t\t\n\t\t<\/div>\n\n\t\t<div class=\"um-profile-meta\">\n\n\t\t\t\n\t\t\t<div class=\"um-main-meta\">\n\n\t\t\t\t\t\t\t\t\t<div class=\"um-name\">\n\n\t\t\t\t\t\t<a href=\"\"\n\t\t\t\t\t\t\ttitle=\"\"><\/a>\n\n\t\t\t\t\t\t\t\t\t\t\t<\/div>\n\t\t\t\t\n\t\t\t\t<div class=\"um-clear\"><\/div>\n\n\t\t\t\t\t\t\t<\/div>\n\n\t\t\t\n\t\t\t<div class=\"um-profile-status\">\n\t\t\t\t<span>\n\t\t\t\t\tThis user account status is Undefined\t\t\t\t<\/span>\n\t\t\t<\/div>\n\n\t\t\t\t\t<\/div>\n\t\t<div class=\"um-clear\"><\/div>\n\n\t\t\n\t<\/div>\n\n\t\n\t\t<div class=\"um-profile-navbar\">\n\t\t\t\t\t\t<div class=\"um-clear\"><\/div>\n\t\t<\/div>\n\n\t\t\n\t\t\t<div class=\"um-profile-nav\">\n\n\t\t\t\t\n\t\t\t\t\t<div class=\"um-profile-nav-item um-profile-nav-posts  active\">\n\t\t\t\t\t\t\t\t\t\t\t\t\t<a href=\"https:\/\/brigittelevesque.com\/en\/wp-json\/wp\/v2\/pages\/881?profiletab=posts\" class=\"uimob800-show uimob500-show uimob340-show um-tip-n\"\n\t\t\t\t\t\t\t   title=\"Posts\" original-title=\"Posts\" >\n\n\t\t\t\t\t\t\t\t<i class=\"um-faicon-pencil\"><\/i>\n\n\t\t\t\t\t\t\t\t\n\t\t\t\t\t\t\t\t<span class=\"uimob800-hide uimob500-hide uimob340-hide title\">Posts<\/span>\n\t\t\t\t\t\t\t<\/a>\n\t\t\t\t\t\t\t<a href=\"https:\/\/brigittelevesque.com\/en\/wp-json\/wp\/v2\/pages\/881?profiletab=posts\" class=\"uimob800-hide uimob500-hide uimob340-hide\"\n\t\t\t\t\t\t\t   title=\"Posts\" >\n\n\t\t\t\t\t\t\t\t<i class=\"um-faicon-pencil\"><\/i>\n\n\t\t\t\t\t\t\t\t\n\t\t\t\t\t\t\t\t<span class=\"title\">Posts<\/span>\n\t\t\t\t\t\t\t<\/a>\n\t\t\t\t\t\t\t\t\t\t\t<\/div>\n\n\t\t\t\t\n\t\t\t\t\t<div class=\"um-profile-nav-item um-profile-nav-comments\">\n\t\t\t\t\t\t\t\t\t\t\t\t\t<a href=\"https:\/\/brigittelevesque.com\/en\/wp-json\/wp\/v2\/pages\/881?profiletab=comments\" class=\"uimob800-show uimob500-show uimob340-show um-tip-n\"\n\t\t\t\t\t\t\t   title=\"Comments\" original-title=\"Comments\" >\n\n\t\t\t\t\t\t\t\t<i class=\"um-faicon-comment\"><\/i>\n\n\t\t\t\t\t\t\t\t\n\t\t\t\t\t\t\t\t<span class=\"uimob800-hide uimob500-hide uimob340-hide title\">Comments<\/span>\n\t\t\t\t\t\t\t<\/a>\n\t\t\t\t\t\t\t<a href=\"https:\/\/brigittelevesque.com\/en\/wp-json\/wp\/v2\/pages\/881?profiletab=comments\" class=\"uimob800-hide uimob500-hide uimob340-hide\"\n\t\t\t\t\t\t\t   title=\"Comments\" >\n\n\t\t\t\t\t\t\t\t<i class=\"um-faicon-comment\"><\/i>\n\n\t\t\t\t\t\t\t\t\n\t\t\t\t\t\t\t\t<span class=\"title\">Comments<\/span>\n\t\t\t\t\t\t\t<\/a>\n\t\t\t\t\t\t\t\t\t\t\t<\/div>\n\n\t\t\t\t\n\t\t\t\t<div class=\"um-clear\"><\/div>\n\n\t\t\t<\/div>\n\n\t\t\t\t\t\t<div class=\"um-profile-body posts posts-default\">\n\n\t\t\t\t\t\t\t<div class=\"um-ajax-items\">\n\n\t\t\t\n<div class=\"um-item\">\n\t<div class=\"um-item-link\">\n\t\t<i class=\"um-icon-ios-paper\"><\/i>\n\t\t<a href=\"https:\/\/brigittelevesque.com\/en\/massage_sur_chaise\/\">Massage sur chaise<\/a>\n\t<\/div>\n\n\t\t\t<div class=\"um-item-img\">\n\t\t\t<a href=\"https:\/\/brigittelevesque.com\/en\/massage_sur_chaise\/\">\n\t\t\t\t<img fetchpriority=\"high\" decoding=\"async\" width=\"300\" height=\"200\" src=\"https:\/\/brigittelevesque.com\/wp-content\/uploads\/2022\/12\/massageChaise-300x200.webp\" class=\"attachment-medium size-medium wp-post-image\" alt=\"\" srcset=\"https:\/\/brigittelevesque.com\/wp-content\/uploads\/2022\/12\/massageChaise-300x200.webp 300w, https:\/\/brigittelevesque.com\/wp-content\/uploads\/2022\/12\/massageChaise-768x513.webp 768w, https:\/\/brigittelevesque.com\/wp-content\/uploads\/2022\/12\/elementor\/thumbs\/massageChaise-q38ffpapxpyu9ez4nofe5t6lwqwjpdj9y6mrijlrt4.webp 750w, https:\/\/brigittelevesque.com\/wp-content\/uploads\/2022\/12\/massageChaise.webp 800w\" sizes=\"(max-width: 300px) 100vw, 300px\" \/>\t\t\t<\/a>\n\t\t<\/div>\n\t\t\n\t<div class=\"um-item-meta\">\n\t\t\t\t\t<span>\n\t\t\t\t3 years ago\t\t\t<\/span>\n\t\t\t\t\t\t\t<span>\n\t\t\t\tin: <a href=\"https:\/\/brigittelevesque.com\/en\/category\/services\/\" rel=\"category tag\">Services<\/a>\t\t\t<\/span>\n\t\t\t\t<span>\n\t\t\t\t\t\t<a href=\"https:\/\/brigittelevesque.com\/en\/massage_sur_chaise\/#respond\">no comments<\/a>\n\t\t<\/span>\n\t<\/div>\n<\/div>\n\n<div class=\"um-item\">\n\t<div class=\"um-item-link\">\n\t\t<i class=\"um-icon-ios-paper\"><\/i>\n\t\t<a href=\"https:\/\/brigittelevesque.com\/en\/massage_aux_pierres_chaudes\/\">Massage aux pierres chaudes<\/a>\n\t<\/div>\n\n\t\t\t<div class=\"um-item-img\">\n\t\t\t<a href=\"https:\/\/brigittelevesque.com\/en\/massage_aux_pierres_chaudes\/\">\n\t\t\t\t<img decoding=\"async\" width=\"300\" height=\"200\" src=\"https:\/\/brigittelevesque.com\/wp-content\/uploads\/2023\/01\/MassagePierresChaudes-1-300x200.jpg\" class=\"attachment-medium size-medium wp-post-image\" alt=\"MassagePierresChaudes300\" srcset=\"https:\/\/brigittelevesque.com\/wp-content\/uploads\/2023\/01\/MassagePierresChaudes-1-e1673231754710.jpg 300w, https:\/\/brigittelevesque.com\/wp-content\/uploads\/2023\/01\/MassagePierresChaudes-1-1024x683.jpg 1024w, https:\/\/brigittelevesque.com\/wp-content\/uploads\/2023\/01\/MassagePierresChaudes-1-768x512.jpg 768w, https:\/\/brigittelevesque.com\/wp-content\/uploads\/2023\/01\/MassagePierresChaudes-1-1536x1024.jpg 1536w\" sizes=\"(max-width: 300px) 100vw, 300px\" \/>\t\t\t<\/a>\n\t\t<\/div>\n\t\t\n\t<div class=\"um-item-meta\">\n\t\t\t\t\t<span>\n\t\t\t\t3 years ago\t\t\t<\/span>\n\t\t\t\t\t\t\t<span>\n\t\t\t\tin: <a href=\"https:\/\/brigittelevesque.com\/en\/category\/services\/\" rel=\"category tag\">Services<\/a>\t\t\t<\/span>\n\t\t\t\t<span>\n\t\t\t\t\t\t<a href=\"https:\/\/brigittelevesque.com\/en\/massage_aux_pierres_chaudes\/#respond\">no comments<\/a>\n\t\t<\/span>\n\t<\/div>\n<\/div>\n\n<div class=\"um-item\">\n\t<div class=\"um-item-link\">\n\t\t<i class=\"um-icon-ios-paper\"><\/i>\n\t\t<a href=\"https:\/\/brigittelevesque.com\/en\/massotherapie\/\">Massoth\u00e9rapie<\/a>\n\t<\/div>\n\n\t\t\t<div class=\"um-item-img\">\n\t\t\t<a href=\"https:\/\/brigittelevesque.com\/en\/massotherapie\/\">\n\t\t\t\t<img decoding=\"async\" width=\"300\" height=\"200\" src=\"https:\/\/brigittelevesque.com\/wp-content\/uploads\/2022\/01\/massotherapie-odysse-petit-300x200.jpg\" class=\"attachment-medium size-medium wp-post-image\" alt=\"\" srcset=\"https:\/\/brigittelevesque.com\/wp-content\/uploads\/2022\/01\/massotherapie-odysse-petit-300x200.jpg 300w, https:\/\/brigittelevesque.com\/wp-content\/uploads\/2022\/01\/massotherapie-odysse-petit.jpg 750w\" sizes=\"(max-width: 300px) 100vw, 300px\" \/>\t\t\t<\/a>\n\t\t<\/div>\n\t\t\n\t<div class=\"um-item-meta\">\n\t\t\t\t\t<span>\n\t\t\t\t3 years ago\t\t\t<\/span>\n\t\t\t\t\t\t\t<span>\n\t\t\t\tin: <a href=\"https:\/\/brigittelevesque.com\/en\/category\/services\/\" rel=\"category tag\">Services<\/a>\t\t\t<\/span>\n\t\t\t\t<span>\n\t\t\t\t\t\t<a href=\"https:\/\/brigittelevesque.com\/en\/massotherapie\/#respond\">no comments<\/a>\n\t\t<\/span>\n\t<\/div>\n<\/div>\n\n\t\t<\/div>\n\n\t\t\t\t\t\t<div class=\"clear\"><\/div>\n\t\t\t\t<\/div>\n\t\t\t\t\t<\/div>\n<\/div>\n<style>\n\t\t\t.um-879.um {\n\t\t\tmax-width: 1000px;\n\t\t}\n\t\t<\/style>\n<style>\n\t\t\t.um-879.um .um-profile-body {\n\t\t\tmax-width: 600px;\n\t\t}\n\t\t.um-879.um .um-profile-photo a.um-profile-photo-img {\n\t\twidth: 190px;\n\t\theight: 190px;\n\t}\n\t.um-879.um .um-profile-photo a.um-profile-photo-img {\n\t\ttop: -105px;\n\t}\n\t\t\t.um-879.um .um-profile-meta {\n\t\t\tpadding-left: 250px;\n\t\t}\n\t<\/style>","protected":false},"excerpt":{"rendered":"","protected":false},"author":1,"featured_media":0,"parent":0,"menu_order":0,"comment_status":"closed","ping_status":"closed","template":"","meta":{"footnotes":""},"class_list":["post-881","page","type-page","status-publish","hentry"],"yoast_head":"<!-- This site is optimized with the Yoast SEO plugin v24.3 - https:\/\/yoast.com\/wordpress\/plugins\/seo\/ -->\n<title>Utilisateur - Brigitte L\u00e9vesque Massoth\u00e9rapie<\/title>\n<meta name=\"robots\" content=\"noindex, nofollow\" \/>\n<meta property=\"og:locale\" content=\"en_US\" \/>\n<meta property=\"og:type\" content=\"article\" \/>\n<meta property=\"og:title\" content=\"Utilisateur - Brigitte L\u00e9vesque Massoth\u00e9rapie\" \/>\n<meta property=\"og:url\" content=\"https:\/\/brigittelevesque.com\/en\/user\/\" \/>\n<meta property=\"og:site_name\" content=\"Brigitte L\u00e9vesque Massoth\u00e9rapie\" \/>\n<meta property=\"article:publisher\" content=\"https:\/\/www.facebook.com\/profile.php?id=100004231095138\" \/>\n<meta property=\"article:modified_time\" content=\"2022-12-26T14:31:11+00:00\" \/>\n<meta property=\"og:image\" content=\"https:\/\/brigittelevesque.com\/wp-content\/uploads\/2022\/12\/CarteBrigitte_Version-Ville-Saint-Laurent.png\" \/>\n\t<meta property=\"og:image:width\" content=\"1080\" \/>\n\t<meta property=\"og:image:height\" content=\"633\" \/>\n\t<meta property=\"og:image:type\" content=\"image\/png\" \/>\n<meta name=\"twitter:card\" content=\"summary_large_image\" \/>\n<meta name=\"twitter:label1\" content=\"Est. reading time\" \/>\n\t<meta name=\"twitter:data1\" content=\"1 minute\" \/>\n<script type=\"application\/ld+json\" class=\"yoast-schema-graph\">{\"@context\":\"https:\/\/schema.org\",\"@graph\":[{\"@type\":\"WebPage\",\"@id\":\"https:\/\/brigittelevesque.com\/user\/\",\"url\":\"https:\/\/brigittelevesque.com\/user\/\",\"name\":\"Utilisateur - Brigitte L\u00e9vesque Massoth\u00e9rapie\",\"isPartOf\":{\"@id\":\"https:\/\/brigittelevesque.com\/#website\"},\"datePublished\":\"2022-01-26T02:28:57+00:00\",\"dateModified\":\"2022-12-26T14:31:11+00:00\",\"breadcrumb\":{\"@id\":\"https:\/\/brigittelevesque.com\/user\/#breadcrumb\"},\"inLanguage\":\"en-CA\",\"potentialAction\":[{\"@type\":\"ReadAction\",\"target\":[\"https:\/\/brigittelevesque.com\/user\/\"]}]},{\"@type\":\"BreadcrumbList\",\"@id\":\"https:\/\/brigittelevesque.com\/user\/#breadcrumb\",\"itemListElement\":[{\"@type\":\"ListItem\",\"position\":1,\"name\":\"Accueil\",\"item\":\"https:\/\/brigittelevesque.com\/\"},{\"@type\":\"ListItem\",\"position\":2,\"name\":\"Utilisateur\"}]},{\"@type\":\"WebSite\",\"@id\":\"https:\/\/brigittelevesque.com\/#website\",\"url\":\"https:\/\/brigittelevesque.com\/\",\"name\":\"Brigitte L\u00e9vesque Massoth\u00e9rapie\",\"description\":\"Massoth\u00e9rapie\",\"publisher\":{\"@id\":\"https:\/\/brigittelevesque.com\/#organization\"},\"alternateName\":\"Massoth\u00e9rapie Montr\u00e9al\",\"potentialAction\":[{\"@type\":\"SearchAction\",\"target\":{\"@type\":\"EntryPoint\",\"urlTemplate\":\"https:\/\/brigittelevesque.com\/?s={search_term_string}\"},\"query-input\":{\"@type\":\"PropertyValueSpecification\",\"valueRequired\":true,\"valueName\":\"search_term_string\"}}],\"inLanguage\":\"en-CA\"},{\"@type\":\"Organization\",\"@id\":\"https:\/\/brigittelevesque.com\/#organization\",\"name\":\"Massoth\u00e9rapie Montr\u00e9al\",\"alternateName\":\"Massoth\u00e9rapie Montr\u00e9al\",\"url\":\"https:\/\/brigittelevesque.com\/\",\"logo\":{\"@type\":\"ImageObject\",\"inLanguage\":\"en-CA\",\"@id\":\"https:\/\/brigittelevesque.com\/#\/schema\/logo\/image\/\",\"url\":\"https:\/\/brigittelevesque.com\/wp-content\/uploads\/2022\/12\/Carte-Edit-Google.png\",\"contentUrl\":\"https:\/\/brigittelevesque.com\/wp-content\/uploads\/2022\/12\/Carte-Edit-Google.png\",\"width\":720,\"height\":720,\"caption\":\"Massoth\u00e9rapie Montr\u00e9al\"},\"image\":{\"@id\":\"https:\/\/brigittelevesque.com\/#\/schema\/logo\/image\/\"},\"sameAs\":[\"https:\/\/www.facebook.com\/profile.php?id=100004231095138\"]}]}<\/script>\n<!-- \/ Yoast SEO plugin. -->","yoast_head_json":{"title":"Utilisateur - Brigitte L\u00e9vesque Massoth\u00e9rapie","robots":{"index":"noindex","follow":"nofollow"},"og_locale":"en_US","og_type":"article","og_title":"Utilisateur - Brigitte L\u00e9vesque Massoth\u00e9rapie","og_url":"https:\/\/brigittelevesque.com\/en\/user\/","og_site_name":"Brigitte L\u00e9vesque Massoth\u00e9rapie","article_publisher":"https:\/\/www.facebook.com\/profile.php?id=100004231095138","article_modified_time":"2022-12-26T14:31:11+00:00","og_image":[{"width":1080,"height":633,"url":"https:\/\/brigittelevesque.com\/wp-content\/uploads\/2022\/12\/CarteBrigitte_Version-Ville-Saint-Laurent.png","type":"image\/png"}],"twitter_card":"summary_large_image","twitter_misc":{"Est. reading time":"1 minute"},"schema":{"@context":"https:\/\/schema.org","@graph":[{"@type":"WebPage","@id":"https:\/\/brigittelevesque.com\/user\/","url":"https:\/\/brigittelevesque.com\/user\/","name":"Utilisateur - Brigitte L\u00e9vesque Massoth\u00e9rapie","isPartOf":{"@id":"https:\/\/brigittelevesque.com\/#website"},"datePublished":"2022-01-26T02:28:57+00:00","dateModified":"2022-12-26T14:31:11+00:00","breadcrumb":{"@id":"https:\/\/brigittelevesque.com\/user\/#breadcrumb"},"inLanguage":"en-CA","potentialAction":[{"@type":"ReadAction","target":["https:\/\/brigittelevesque.com\/user\/"]}]},{"@type":"BreadcrumbList","@id":"https:\/\/brigittelevesque.com\/user\/#breadcrumb","itemListElement":[{"@type":"ListItem","position":1,"name":"Accueil","item":"https:\/\/brigittelevesque.com\/"},{"@type":"ListItem","position":2,"name":"Utilisateur"}]},{"@type":"WebSite","@id":"https:\/\/brigittelevesque.com\/#website","url":"https:\/\/brigittelevesque.com\/","name":"Brigitte L\u00e9vesque Massoth\u00e9rapie","description":"Massoth\u00e9rapie","publisher":{"@id":"https:\/\/brigittelevesque.com\/#organization"},"alternateName":"Massoth\u00e9rapie Montr\u00e9al","potentialAction":[{"@type":"SearchAction","target":{"@type":"EntryPoint","urlTemplate":"https:\/\/brigittelevesque.com\/?s={search_term_string}"},"query-input":{"@type":"PropertyValueSpecification","valueRequired":true,"valueName":"search_term_string"}}],"inLanguage":"en-CA"},{"@type":"Organization","@id":"https:\/\/brigittelevesque.com\/#organization","name":"Massoth\u00e9rapie Montr\u00e9al","alternateName":"Massoth\u00e9rapie Montr\u00e9al","url":"https:\/\/brigittelevesque.com\/","logo":{"@type":"ImageObject","inLanguage":"en-CA","@id":"https:\/\/brigittelevesque.com\/#\/schema\/logo\/image\/","url":"https:\/\/brigittelevesque.com\/wp-content\/uploads\/2022\/12\/Carte-Edit-Google.png","contentUrl":"https:\/\/brigittelevesque.com\/wp-content\/uploads\/2022\/12\/Carte-Edit-Google.png","width":720,"height":720,"caption":"Massoth\u00e9rapie Montr\u00e9al"},"image":{"@id":"https:\/\/brigittelevesque.com\/#\/schema\/logo\/image\/"},"sameAs":["https:\/\/www.facebook.com\/profile.php?id=100004231095138"]}]}},"_links":{"self":[{"href":"https:\/\/brigittelevesque.com\/en\/wp-json\/wp\/v2\/pages\/881","targetHints":{"allow":["GET"]}}],"collection":[{"href":"https:\/\/brigittelevesque.com\/en\/wp-json\/wp\/v2\/pages"}],"about":[{"href":"https:\/\/brigittelevesque.com\/en\/wp-json\/wp\/v2\/types\/page"}],"author":[{"embeddable":true,"href":"https:\/\/brigittelevesque.com\/en\/wp-json\/wp\/v2\/users\/1"}],"replies":[{"embeddable":true,"href":"https:\/\/brigittelevesque.com\/en\/wp-json\/wp\/v2\/comments?post=881"}],"version-history":[{"count":1,"href":"https:\/\/brigittelevesque.com\/en\/wp-json\/wp\/v2\/pages\/881\/revisions"}],"predecessor-version":[{"id":888,"href":"https:\/\/brigittelevesque.com\/en\/wp-json\/wp\/v2\/pages\/881\/revisions\/888"}],"wp:attachment":[{"href":"https:\/\/brigittelevesque.com\/en\/wp-json\/wp\/v2\/media?parent=881"}],"curies":[{"name":"wp","href":"https:\/\/api.w.org\/{rel}","templated":true}]}}